{"id":12756,"date":"2025-11-28T12:35:20","date_gmt":"2025-11-28T12:35:20","guid":{"rendered":"https:\/\/xn--ortenaukche-0hb.de\/?page_id=12756"},"modified":"2025-11-28T12:35:20","modified_gmt":"2025-11-28T12:35:20","slug":"impressum","status":"publish","type":"page","link":"https:\/\/xn--ortenaukche-0hb.de\/fr\/impressum\/","title":{"rendered":"Mentions l\u00e9gales"},"content":{"rendered":"<div data-elementor-type=\"wp-page\" data-elementor-id=\"12756\" class=\"elementor elementor-12756\">\n\t\t\t\t<div class=\"elementor-element elementor-element-84bf4b9 e-flex e-con-boxed e-con e-parent\" data-id=\"84bf4b9\" data-element_type=\"container\" data-e-type=\"container\">\n\t\t\t\t\t<div class=\"e-con-inner\">\n\t\t<div class=\"elementor-element elementor-element-c763132 e-con-full e-flex e-con e-child\" data-id=\"c763132\" data-element_type=\"container\" data-e-type=\"container\">\n\t\t\t\t<div class=\"elementor-element elementor-element-7e48307 elementor-widget elementor-widget-heading\" data-id=\"7e48307\" data-element_type=\"widget\" data-e-type=\"widget\" data-widget_type=\"heading.default\">\n\t\t\t\t\t<h6 class=\"elementor-heading-title elementor-size-default\">Informations conform\u00e9ment au \u00a7 5 TMG:<\/h6>\t\t\t\t<\/div>\n\t\t\t\t<div class=\"elementor-element elementor-element-9662fc5 elementor-widget elementor-widget-heading\" data-id=\"9662fc5\" data-element_type=\"widget\" data-e-type=\"widget\" data-widget_type=\"heading.default\">\n\t\t\t\t\t<span class=\"elementor-heading-title elementor-size-default\"><span style=\"font-family: Muli, sans-serif;font-size: 16px;font-weight: 400\">K\u00fcchen Braun<\/span><br style=\"font-family: Muli, sans-serif;font-size: 16px;font-weight: 400\"><span style=\"font-family: Muli, sans-serif;font-size: 16px;font-weight: 400\">Propri\u00e9taire Artur Braun<\/span><br style=\"font-family: Muli, sans-serif;font-size: 16px;font-weight: 400\"><span style=\"font-family: Muli, sans-serif;font-size: 16px;font-weight: 400\">Eschauer-Allee 6<\/span><br style=\"font-family: Muli, sans-serif;font-size: 16px;font-weight: 400\"><span style=\"font-family: Muli, sans-serif;font-size: 16px;font-weight: 400\">77694 Kehl-Goldscheuer<\/span><\/span>\t\t\t\t<\/div>\n\t\t\t\t<\/div>\n\t\t<div class=\"elementor-element elementor-element-c715e85 e-con-full e-flex e-con e-child\" data-id=\"c715e85\" data-element_type=\"container\" data-e-type=\"container\">\n\t\t\t\t<div class=\"elementor-element elementor-element-2255f0e elementor-widget elementor-widget-heading\" data-id=\"2255f0e\" data-element_type=\"widget\" data-e-type=\"widget\" data-widget_type=\"heading.default\">\n\t\t\t\t\t<h6 class=\"elementor-heading-title elementor-size-default\">Contact\n<\/h6>\t\t\t\t<\/div>\n\t\t\t\t<div class=\"elementor-element elementor-element-e3f94c0 elementor-widget elementor-widget-heading\" data-id=\"e3f94c0\" data-element_type=\"widget\" data-e-type=\"widget\" data-widget_type=\"heading.default\">\n\t\t\t\t\t<span class=\"elementor-heading-title elementor-size-default\"><span style=\"font-family: Muli, sans-serif;font-size: 16px;font-weight: 400\">T\u00e9l\u00e9phone: +49 (0)7854 9899721\n<\/span><br style=\"font-family: Muli, sans-serif;font-size: 16px;font-weight: 400\"><span style=\"font-family: Muli, sans-serif;font-size: 16px;font-weight: 400\">Fax: +49 (0)7854 9899723\n<\/span><br style=\"font-family: Muli, sans-serif;font-size: 16px;font-weight: 400\"><span style=\"font-family: Muli, sans-serif;font-size: 16px;font-weight: 400\">E-Mail: info@braun-kuechen.de<\/span><br style=\"font-family: Muli, sans-serif;font-size: 16px;font-weight: 400\"><span style=\"font-family: Muli, sans-serif;font-size: 16px;font-weight: 400\"><\/span><\/span>\t\t\t\t<\/div>\n\t\t\t\t<\/div>\n\t\t<div class=\"elementor-element elementor-element-8fd59e9 e-con-full e-flex e-con e-child\" data-id=\"8fd59e9\" data-element_type=\"container\" data-e-type=\"container\">\n\t\t\t\t<div class=\"elementor-element elementor-element-15419af elementor-widget elementor-widget-heading\" data-id=\"15419af\" data-element_type=\"widget\" data-e-type=\"widget\" data-widget_type=\"heading.default\">\n\t\t\t\t\t<h6 class=\"elementor-heading-title elementor-size-default\">TVA:<\/h6>\t\t\t\t<\/div>\n\t\t\t\t<div class=\"elementor-element elementor-element-e9424ee elementor-widget-tablet__width-inherit elementor-widget elementor-widget-heading\" data-id=\"e9424ee\" data-element_type=\"widget\" data-e-type=\"widget\" data-widget_type=\"heading.default\">\n\t\t\t\t\t<span class=\"elementor-heading-title elementor-size-default\"><span style=\"font-family: Muli, sans-serif;font-size: 16px;font-weight: 400\">Num\u00e9ro d\u2019identification \u00e0 la TVA conform\u00e9ment au \u00a727 a de la loi allemande sur la TVA:&nbsp;<\/span><br><span style=\"font-family: Muli, sans-serif;font-size: 16px;font-weight: 400\">DE 252 323 480\n<\/span><\/span>\t\t\t\t<\/div>\n\t\t\t\t<\/div>\n\t\t<div class=\"elementor-element elementor-element-1378d1d e-con-full e-flex e-con e-child\" data-id=\"1378d1d\" data-element_type=\"container\" data-e-type=\"container\">\n\t\t\t\t<div class=\"elementor-element elementor-element-f26e4c1 elementor-widget elementor-widget-heading\" data-id=\"f26e4c1\" data-element_type=\"widget\" data-e-type=\"widget\" data-widget_type=\"heading.default\">\n\t\t\t\t\t<h6 class=\"elementor-heading-title elementor-size-default\">Informations sur l\u2019assurance responsabilit\u00e9 civile professionnelle\n<\/h6>\t\t\t\t<\/div>\n\t\t\t\t<div class=\"elementor-element elementor-element-4ab92f5 elementor-widget elementor-widget-heading\" data-id=\"4ab92f5\" data-element_type=\"widget\" data-e-type=\"widget\" data-widget_type=\"heading.default\">\n\t\t\t\t\t<span class=\"elementor-heading-title elementor-size-default\"><span style=\"font-family: Muli, sans-serif;font-size: 16px;font-weight: 400\">Nom et si\u00e8ge de l\u2019assureur:\n<\/span><br style=\"font-family: Muli, sans-serif;font-size: 16px;font-weight: 400\"><span style=\"font-family: Muli, sans-serif;font-size: 16px;font-weight: 400\">Generali Versicherung AG\n<\/span><br style=\"font-family: Muli, sans-serif;font-size: 16px;font-weight: 400\"><span style=\"font-family: Muli, sans-serif;font-size: 16px;font-weight: 400\"> M\u00fcnchen <\/span><\/span>\t\t\t\t<\/div>\n\t\t\t\t<\/div>\n\t\t\t\t\t<\/div>\n\t\t\t\t<\/div>\n\t\t<div class=\"elementor-element elementor-element-0578397 e-flex e-con-boxed e-con e-parent\" data-id=\"0578397\" data-element_type=\"container\" data-e-type=\"container\">\n\t\t\t\t\t<div class=\"e-con-inner\">\n\t\t\t\t<div class=\"elementor-element elementor-element-0f61417 elementor-widget elementor-widget-text-editor\" data-id=\"0f61417\" data-element_type=\"widget\" data-e-type=\"widget\" data-widget_type=\"text-editor.default\">\n\t\t\t\t\t\t\t\t\t<h6>R\u00e8glement des litiges<\/h6><p>La Commission europ\u00e9enne met \u00e0 disposition une plateforme de r\u00e8glement en ligne des litiges (RLL) : https:\/\/ec.europa.eu\/consumers\/odr\n.\nVous trouverez notre adresse e-mail dans les mentions l\u00e9gales ci-dessus.\u00a0<a href=\"https:\/\/ec.europa.eu\/consumers\/odr\" target=\"_blank\" rel=\"noopener noreferrer\">https:\/\/ec.europa.eu\/consumers\/odr<\/a>.<br \/>Unsere E-Mail-Adresse finden Sie oben im Impressum.<\/p><p>Nous ne sommes ni dispos\u00e9s ni tenus de participer \u00e0 une proc\u00e9dure de r\u00e8glement des litiges devant un organisme de m\u00e9diation des consommateurs.<\/p><h6>Responsabilit\u00e9 concernant les contenus<\/h6><p>En tant que prestataire de services, nous sommes responsables de nos propres contenus sur ces pages conform\u00e9ment au \u00a7 7 al.1 de la loi allemande sur les t\u00e9l\u00e9m\u00e9dias (TMG) et aux lois g\u00e9n\u00e9rales. En tant que prestataire de services, nous sommes responsables de nos propres contenus sur ces pages conform\u00e9ment au \u00a7 7 al.1 de la loi allemande sur les t\u00e9l\u00e9m\u00e9dias (TMG) et aux lois g\u00e9n\u00e9rales.<\/p><p>Les obligations de suppression ou de blocage de l\u2019utilisation des informations en vertu des lois g\u00e9n\u00e9rales restent inchang\u00e9es. Toute responsabilit\u00e9 \u00e0 cet \u00e9gard n\u2019est toutefois engag\u00e9e qu\u2019\u00e0 partir du moment o\u00f9 une violation concr\u00e8te de la loi est port\u00e9e \u00e0 notre connaissance. D\u00e8s que nous en avons connaissance, nous supprimons imm\u00e9diatement les contenus concern\u00e9s.<\/p><h6>Responsabilit\u00e9 concernant les liens<\/h6><p>Notre offre contient des liens vers des sites web externes de tiers sur lesquels nous n\u2019avons aucune influence. Nous ne pouvons donc pas garantir ces contenus externes. Le responsable des contenus des pages li\u00e9es est toujours le fournisseur ou l\u2019exploitant respectif. Les pages li\u00e9es ont \u00e9t\u00e9 v\u00e9rifi\u00e9es au moment de la cr\u00e9ation des liens quant \u00e0 d\u2019\u00e9ventuelles violations de la loi. Aucun contenu ill\u00e9gal n\u2019a \u00e9t\u00e9 identifi\u00e9 \u00e0 ce moment-l\u00e0.<\/p><p>Un contr\u00f4le permanent du contenu des pages li\u00e9es n\u2019est cependant pas raisonnable sans indication concr\u00e8te d\u2019une violation de la loi. D\u00e8s que nous en avons connaissance, nous supprimons imm\u00e9diatement ces liens.<\/p><h6>Droit d\u2019auteur<\/h6><p>Les contenus et \u0153uvres cr\u00e9\u00e9s par les exploitants de ces pages sont soumis au droit d\u2019auteur allemand. La reproduction, la modification, la diffusion et toute forme d\u2019exploitation en dehors des limites du droit d\u2019auteur n\u00e9cessitent l\u2019accord \u00e9crit de l\u2019auteur ou du cr\u00e9ateur concern\u00e9. Les t\u00e9l\u00e9chargements et copies de ce site sont autoris\u00e9s uniquement pour un usage priv\u00e9 et non commercial.<\/p><p>Les t\u00e9l\u00e9chargements et copies de ce site sont autoris\u00e9s uniquement pour un usage priv\u00e9 et non commercial. Dans la mesure o\u00f9 les contenus de ce site ne sont pas cr\u00e9\u00e9s par l\u2019exploitant, les droits d\u2019auteur de tiers sont respect\u00e9s. Les contenus de tiers sont notamment identifi\u00e9s comme tels.<\/p>\t\t\t\t\t\t\t\t<\/div>\n\t\t\t\t<div class=\"elementor-element elementor-element-f7416b7 elementor-widget elementor-widget-image\" data-id=\"f7416b7\" data-element_type=\"widget\" data-e-type=\"widget\" data-widget_type=\"image.default\">\n\t\t\t\t\t\t\t\t\t\t\t\t\t\t\t<img fetchpriority=\"high\" decoding=\"async\" width=\"980\" height=\"318\" src=\"https:\/\/xn--ortenaukche-0hb.de\/wp-content\/uploads\/2023\/04\/H7-png-1.png\" class=\"attachment-large size-large wp-image-11322\" alt=\"\" srcset=\"https:\/\/xn--ortenaukche-0hb.de\/wp-content\/uploads\/2023\/04\/H7-png-1.png 1605w, https:\/\/xn--ortenaukche-0hb.de\/wp-content\/uploads\/2023\/04\/H7-png-1-800x259.png 800w\" sizes=\"(max-width: 980px) 100vw, 980px\" \/>\t\t\t\t\t\t\t\t\t\t\t\t\t\t\t<\/div>\n\t\t\t\t<div class=\"elementor-element elementor-element-94adee8 elementor-widget-divider--view-line elementor-widget elementor-widget-divider\" data-id=\"94adee8\" data-element_type=\"widget\" data-e-type=\"widget\" data-widget_type=\"divider.default\">\n\t\t\t\t\t\t\t<div class=\"elementor-divider\">\n\t\t\t<span class=\"elementor-divider-separator\">\n\t\t\t\t\t\t<\/span>\n\t\t<\/div>\n\t\t\t\t\t\t<\/div>\n\t\t\t\t\t<\/div>\n\t\t\t\t<\/div>\n\t\t<div class=\"elementor-element elementor-element-dcf8a0f e-flex e-con-boxed e-con e-parent\" data-id=\"dcf8a0f\" data-element_type=\"container\" data-e-type=\"container\">\n\t\t\t\t\t<div class=\"e-con-inner\">\n\t\t<div class=\"elementor-element elementor-element-0e4267e e-con-full e-flex e-con e-child\" data-id=\"0e4267e\" data-element_type=\"container\" data-e-type=\"container\">\n\t\t\t\t<div class=\"elementor-element elementor-element-7082467 elementor-widget elementor-widget-heading\" data-id=\"7082467\" data-element_type=\"widget\" data-e-type=\"widget\" data-widget_type=\"heading.default\">\n\t\t\t\t\t<h6 class=\"elementor-heading-title elementor-size-default\">Horaires d\u2019ouverture<\/h6>\t\t\t\t<\/div>\n\t\t\t\t<div class=\"elementor-element elementor-element-465d21a elementor-widget elementor-widget-text-editor\" data-id=\"465d21a\" data-element_type=\"widget\" data-e-type=\"widget\" data-widget_type=\"text-editor.default\">\n\t\t\t\t\t\t\t\t\t<p style=\"text-align: center;\">Lundi \u2013 Vendredi<br \/>9:00\u00a0&#8211;\u00a018:00\u00a0Uhr<\/p><p style=\"text-align: center;\">Samedi<br \/>9:00\u00a0&#8211;\u00a014:00\u00a0Uhr<\/p>\t\t\t\t\t\t\t\t<\/div>\n\t\t\t\t<\/div>\n\t\t<div class=\"elementor-element elementor-element-a672b0e e-con-full e-flex e-con e-child\" data-id=\"a672b0e\" data-element_type=\"container\" data-e-type=\"container\">\n\t\t\t\t<div class=\"elementor-element elementor-element-7322012 elementor-widget elementor-widget-heading\" data-id=\"7322012\" data-element_type=\"widget\" data-e-type=\"widget\" data-widget_type=\"heading.default\">\n\t\t\t\t\t<h6 class=\"elementor-heading-title elementor-size-default\">Contact<\/h6>\t\t\t\t<\/div>\n\t\t\t\t<div class=\"elementor-element elementor-element-0fd985e elementor-widget elementor-widget-text-editor\" data-id=\"0fd985e\" data-element_type=\"widget\" data-e-type=\"widget\" data-widget_type=\"text-editor.default\">\n\t\t\t\t\t\t\t\t\t<p style=\"text-align: center;\">Eschauer Allee 6<br \/>77694 Kehl-Goldscheuer<\/p><p style=\"text-align: center;\">T\u00e9l\u00e9phone\u00a0<a class=\"txt_telNr\" href=\"tel:+4978549899721\">+49 (0)7854 9899721<\/a><br \/>Fax: +49 (0)7854 9899723<\/p>\t\t\t\t\t\t\t\t<\/div>\n\t\t\t\t<\/div>\n\t\t\t\t\t<\/div>\n\t\t\t\t<\/div>\n\t\t<div class=\"elementor-element elementor-element-67a3879 e-flex e-con-boxed e-con e-parent\" data-id=\"67a3879\" data-element_type=\"container\" data-e-type=\"container\">\n\t\t\t\t\t<div class=\"e-con-inner\">\n\t\t\t\t<div class=\"elementor-element elementor-element-03769ba elementor-widget elementor-widget-text-editor\" data-id=\"03769ba\" data-element_type=\"widget\" data-e-type=\"widget\" data-widget_type=\"text-editor.default\">\n\t\t\t\t\t\t\t\t\t<p style=\"text-align: center;\"><span style=\"text-align: center;\">Votre cuisiniste &amp; showroom de cuisines pour cuisines, \u00e9lectrom\u00e9nagers, robinetterie, \u00e9viers, cuisines lin\u00e9aires, cuisines de r\u00eave, cuisines \u00e9quip\u00e9es, cuisines d\u2019exposition, montage de cuisines, conception de cuisines et bien plus encore \u00e0 Kehl, Offenburg, Lahr, Rust, Baden-Baden, Achern, Karlsruhe, Baden, Ortenau, S\u00e9lestat, Alsace et Strasbourg<\/span><\/p>\t\t\t\t\t\t\t\t<\/div>\n\t\t\t\t\t<\/div>\n\t\t\t\t<\/div>\n\t\t\t\t<\/div>","protected":false},"excerpt":{"rendered":"<p>Angaben gem\u00e4\u00df \u00a7 5 TMG: K\u00fcchen BraunInhaber Artur BraunEschauer-Allee 677694 Kehl-Goldscheuer Kontakt: Telefon: +49 (0)7854 9899721 Telefax: +49 (0)7854 9899723 E-Mail: info@braun-kuechen.de Umsatzsteuer: Umsatzsteuer-Identifikationsnummer gem\u00e4\u00df \u00a727 a Umsatzsteuergesetz:&nbsp;DE 252 323 480 Angaben zur Berufshaftpflichtversicherung Name und Sitz des Versicherers: Generali Versicherung AG M\u00fcnchen Streitschlichtung Die Europ\u00e4ische Kommission stellt eine Plattform zur Online-Streitbeilegung (OS) bereit:\u00a0https:\/\/ec.europa.eu\/consumers\/odr.Unsere E-Mail-Adresse [&hellip;]<\/p>\n","protected":false},"author":2,"featured_media":12764,"parent":0,"menu_order":0,"comment_status":"closed","ping_status":"closed","template":"","meta":{"inline_featured_image":false,"footnotes":""},"class_list":["post-12756","page","type-page","status-publish","has-post-thumbnail","hentry"],"_links":{"self":[{"href":"https:\/\/xn--ortenaukche-0hb.de\/fr\/wp-json\/wp\/v2\/pages\/12756","targetHints":{"allow":["GET"]}}],"collection":[{"href":"https:\/\/xn--ortenaukche-0hb.de\/fr\/wp-json\/wp\/v2\/pages"}],"about":[{"href":"https:\/\/xn--ortenaukche-0hb.de\/fr\/wp-json\/wp\/v2\/types\/page"}],"author":[{"embeddable":true,"href":"https:\/\/xn--ortenaukche-0hb.de\/fr\/wp-json\/wp\/v2\/users\/2"}],"replies":[{"embeddable":true,"href":"https:\/\/xn--ortenaukche-0hb.de\/fr\/wp-json\/wp\/v2\/comments?post=12756"}],"version-history":[{"count":17,"href":"https:\/\/xn--ortenaukche-0hb.de\/fr\/wp-json\/wp\/v2\/pages\/12756\/revisions"}],"predecessor-version":[{"id":16193,"href":"https:\/\/xn--ortenaukche-0hb.de\/fr\/wp-json\/wp\/v2\/pages\/12756\/revisions\/16193"}],"wp:featuredmedia":[{"embeddable":true,"href":"https:\/\/xn--ortenaukche-0hb.de\/fr\/wp-json\/wp\/v2\/media\/12764"}],"wp:attachment":[{"href":"https:\/\/xn--ortenaukche-0hb.de\/fr\/wp-json\/wp\/v2\/media?parent=12756"}],"curies":[{"name":"wp","href":"https:\/\/api.w.org\/{rel}","templated":true}]}}