{"id":12791,"date":"2025-11-28T12:35:38","date_gmt":"2025-11-28T12:35:38","guid":{"rendered":"https:\/\/xn--ortenaukche-0hb.de\/?page_id=12791"},"modified":"2025-11-28T12:35:38","modified_gmt":"2025-11-28T12:35:38","slug":"datenschutz","status":"publish","type":"page","link":"https:\/\/xn--ortenaukche-0hb.de\/fr\/datenschutz\/","title":{"rendered":"Politique de confidentialit\u00e9"},"content":{"rendered":"<div data-elementor-type=\"wp-page\" data-elementor-id=\"12791\" class=\"elementor elementor-12791\">\n\t\t\t\t<div class=\"elementor-element elementor-element-b46f92c e-flex e-con-boxed e-con e-parent\" data-id=\"b46f92c\" data-element_type=\"container\" data-e-type=\"container\">\n\t\t\t\t\t<div class=\"e-con-inner\">\n\t\t\t\t<div class=\"elementor-element elementor-element-284c115 elementor-widget elementor-widget-text-editor\" data-id=\"284c115\" data-element_type=\"widget\" data-e-type=\"widget\" data-widget_type=\"text-editor.default\">\n\t\t\t\t\t\t\t\t\t<h6><strong>1. Protection des donn\u00e9es en un coup d\u2019\u0153il<\/strong><\/h6><h6><strong>Informations g\u00e9n\u00e9rales<\/strong><\/h6><p>Les informations suivantes vous donnent un aper\u00e7u simple de ce qu\u2019il advient de vos donn\u00e9es personnelles lorsque vous visitez notre site web. Les donn\u00e9es personnelles sont toutes les donn\u00e9es permettant de vous identifier personnellement. Vous trouverez des informations d\u00e9taill\u00e9es sur la protection des donn\u00e9es dans notre politique de confidentialit\u00e9 figurant ci-dessous.<\/p><h6><strong>Collecte des donn\u00e9es sur notre site web<\/strong><\/h6><h6><strong>Qui est responsable de la collecte des donn\u00e9es sur ce site web?<\/strong><\/h6><p>Le traitement des donn\u00e9es sur ce site web est effectu\u00e9 par l\u2019exploitant du site. Vous pouvez trouver ses coordonn\u00e9es dans les mentions l\u00e9gales de ce site.<\/p><p><strong>Comment collectons-nous vos donn\u00e9es?<\/strong><\/p><p>Vos donn\u00e9es sont collect\u00e9es, d\u2019une part, lorsque vous nous les communiquez. Il peut s\u2019agir, par exemple, de donn\u00e9es que vous saisissez dans un formulaire de contact.<\/p><p>D\u2019autres donn\u00e9es sont collect\u00e9es automatiquement lors de votre visite sur notre site web par nos syst\u00e8mes informatiques. Il s\u2019agit principalement de donn\u00e9es techniques (par exemple le navigateur Internet, le syst\u00e8me d\u2019exploitation ou l\u2019heure d\u2019acc\u00e8s \u00e0 la page). La collecte de ces donn\u00e9es s\u2019effectue automatiquement d\u00e8s que vous acc\u00e9dez \u00e0 notre site web.<\/p><p><strong>\u00c0 quoi servent vos donn\u00e9es?<\/strong><\/p><p>Une partie des donn\u00e9es est collect\u00e9e afin de garantir le bon fonctionnement du site web. D\u2019autres donn\u00e9es peuvent \u00eatre utilis\u00e9es pour analyser votre comportement d\u2019utilisateur.<\/p><p><strong>Quels sont vos droits concernant vos donn\u00e9es?<\/strong><\/p><p>Vous avez \u00e0 tout moment le droit d\u2019obtenir gratuitement des informations sur l\u2019origine, les destinataires et la finalit\u00e9 de vos donn\u00e9es personnelles enregistr\u00e9es. Vous avez \u00e9galement le droit de demander la rectification, le blocage ou la suppression de ces donn\u00e9es. Pour cela, ainsi que pour toute autre question relative \u00e0 la protection des donn\u00e9es, vous pouvez nous contacter \u00e0 tout moment \u00e0 l\u2019adresse indiqu\u00e9e dans les mentions l\u00e9gales. Vous disposez \u00e9galement d\u2019un droit de recours aupr\u00e8s de l\u2019autorit\u00e9 de contr\u00f4le comp\u00e9tente.<\/p><h6><strong>2. Informations g\u00e9n\u00e9rales et mentions obligatoires<\/strong><\/h6><h6><strong>Protection des donn\u00e9es<\/strong><\/h6><p>Les exploitants de ces pages prennent tr\u00e8s au s\u00e9rieux la protection de vos donn\u00e9es personnelles. Nous traitons vos donn\u00e9es personnelles de mani\u00e8re confidentielle et conform\u00e9ment aux dispositions l\u00e9gales en mati\u00e8re de protection des donn\u00e9es ainsi qu\u2019\u00e0 la pr\u00e9sente politique de confidentialit\u00e9.<\/p><p>Lorsque vous utilisez ce site web, diff\u00e9rentes donn\u00e9es personnelles sont collect\u00e9es. Les donn\u00e9es personnelles sont des donn\u00e9es permettant de vous identifier personnellement. La pr\u00e9sente politique de confidentialit\u00e9 explique quelles donn\u00e9es nous collectons et \u00e0 quelles fins nous les utilisons. Elle explique \u00e9galement comment et dans quel but cela est effectu\u00e9.<\/p><p>Nous attirons votre attention sur le fait que la transmission de donn\u00e9es sur Internet (par exemple lors de communications par e-mail) peut pr\u00e9senter des failles de s\u00e9curit\u00e9. Une protection compl\u00e8te des donn\u00e9es contre l\u2019acc\u00e8s par des tiers n\u2019est pas possible.<\/p><h6><strong>Information concernant le responsable du traitement<\/strong><\/h6><p>Le responsable du traitement des donn\u00e9es sur ce site web est:<\/p><p>Artur Braun<br \/>Eschauer-Allee 6<br \/>77694 Kehl-Goldscheuer<\/p><p>T\u00e9l\u00e9phone: +49 (0)7854 9899721<br \/>E-Mail:\u00a0<span id=\"cloakb1180bae68c86927c401b945d63e8c68\"><a href=\"mailto:info@braun-kuechen.de\">info@braun-kuechen.de<\/a><\/span><\/p><p>Le responsable du traitement est la personne physique ou morale qui, seule ou conjointement avec d\u2019autres, d\u00e9cide des finalit\u00e9s et des moyens du traitement des donn\u00e9es personnelles.<\/p><h6><strong>R\u00e9vocation de votre consentement au traitement des donn\u00e9es<\/strong><\/h6><p>De nombreuses op\u00e9rations de traitement des donn\u00e9es ne sont possibles qu\u2019avec votre consentement explicite. Vous pouvez retirer ce consentement \u00e0 tout moment par un simple e-mail. La l\u00e9galit\u00e9 du traitement effectu\u00e9 avant la r\u00e9vocation n\u2019est pas affect\u00e9e.<\/p><h6><strong>Droit de recours aupr\u00e8s de l\u2019autorit\u00e9 de contr\u00f4le comp\u00e9tente<\/strong><\/h6><p>En cas de violation des r\u00e8gles relatives \u00e0 la protection des donn\u00e9es, la personne concern\u00e9e dispose d\u2019un droit de recours aupr\u00e8s de l\u2019autorit\u00e9 de contr\u00f4le comp\u00e9tente. L\u2019autorit\u00e9 comp\u00e9tente en mati\u00e8re de protection des donn\u00e9es est le d\u00e9l\u00e9gu\u00e9 \u00e0 la protection des donn\u00e9es du Land dans lequel notre entreprise est \u00e9tablie. Une liste des d\u00e9l\u00e9gu\u00e9s \u00e0 la protection des donn\u00e9es ainsi que leurs coordonn\u00e9es est disponible \u00e0 l\u2019adresse suivante : https:\/\/www.bfdi.bund.de\/DE\/Infothek\/Anschriften_Links\/anschriften_links-node.html\u00a0<a href=\"https:\/\/www.bfdi.bund.de\/DE\/Infothek\/Anschriften_Links\/anschriften_links-node.html\" target=\"_blank\" rel=\"noopener noreferrer\">https:\/\/www.bfdi.bund.de\/DE\/Infothek\/Anschriften_Links\/anschriften_links-node.html<\/a>.<\/p><h6><strong>Droit \u00e0 la portabilit\u00e9 des donn\u00e9es<\/strong><\/h6><p>Vous avez le droit de recevoir les donn\u00e9es que nous traitons de mani\u00e8re automatis\u00e9e sur la base de votre consentement ou dans le cadre de l\u2019ex\u00e9cution d\u2019un contrat, dans un format couramment utilis\u00e9 et lisible par machine, ou de les faire transmettre \u00e0 un tiers. Si vous demandez la transmission directe des donn\u00e9es \u00e0 un autre responsable, cela ne sera effectu\u00e9 que dans la mesure o\u00f9 cela est techniquement possible.<\/p><h6><strong>Chiffrement SSL ou TLS<\/strong><\/h6><p>Pour des raisons de s\u00e9curit\u00e9 et afin de prot\u00e9ger la transmission de contenus confidentiels, tels que les commandes ou les demandes que vous nous envoyez, ce site utilise un chiffrement SSL ou TLS. Vous pouvez reconna\u00eetre une connexion s\u00e9curis\u00e9e au fait que la barre d\u2019adresse du navigateur passe de \u00ab http:\/\/ \u00bb \u00e0 \u00ab https:\/\/ \u00bb et \u00e0 l\u2019ic\u00f4ne de cadenas dans la barre de votre navigateur.<\/p><p>Lorsque le chiffrement SSL ou TLS est activ\u00e9, les donn\u00e9es que vous nous transmettez ne peuvent pas \u00eatre lues par des tiers.<\/p><h6><strong>Droit d\u2019acc\u00e8s, de blocage et de suppression<\/strong><\/h6><p>Dans le cadre des dispositions l\u00e9gales en vigueur, vous avez \u00e0 tout moment le droit d\u2019obtenir gratuitement des informations sur vos donn\u00e9es personnelles enregistr\u00e9es, leur origine, leurs destinataires et la finalit\u00e9 du traitement des donn\u00e9es, ainsi que, le cas \u00e9ch\u00e9ant, un droit de rectification, de blocage ou de suppression de ces donn\u00e9es. Pour cela, ainsi que pour toute autre question relative aux donn\u00e9es personnelles, vous pouvez nous contacter \u00e0 tout moment \u00e0 l\u2019adresse indiqu\u00e9e dans les mentions l\u00e9gales.<\/p><h6><strong>3. Collecte des donn\u00e9es sur notre site web<\/strong><\/h6><h6><strong>Cookies<\/strong><\/h6><p>Certaines pages de ce site utilisent des cookies. Les cookies n\u2019endommagent pas votre appareil et ne contiennent pas de virus. Ils servent \u00e0 rendre notre offre plus conviviale, efficace et s\u00e9curis\u00e9e. Les cookies sont de petits fichiers texte enregistr\u00e9s sur votre appareil et stock\u00e9s par votre navigateur.<\/p><p>La plupart des cookies que nous utilisons sont des \u00ab cookies de session \u00bb. Ils sont automatiquement supprim\u00e9s \u00e0 la fin de votre visite. D\u2019autres cookies restent enregistr\u00e9s sur votre appareil jusqu\u2019\u00e0 ce que vous les supprimiez. Ces cookies nous permettent de reconna\u00eetre votre navigateur lors de votre prochaine visite.<\/p><p>Vous pouvez configurer votre navigateur pour \u00eatre inform\u00e9 de l\u2019installation de cookies et autoriser les cookies uniquement au cas par cas, refuser les cookies dans certains cas ou de mani\u00e8re g\u00e9n\u00e9rale, ainsi qu\u2019activer la suppression automatique des cookies \u00e0 la fermeture du navigateur. La d\u00e9sactivation des cookies peut limiter les fonctionnalit\u00e9s de ce site.<\/p><p>Les cookies n\u00e9cessaires \u00e0 la r\u00e9alisation du processus de communication \u00e9lectronique ou \u00e0 la fourniture de certaines fonctions souhait\u00e9es (par exemple la fonction panier) sont enregistr\u00e9s sur la base de l\u2019article 6, paragraphe 1, point f du RGPD. L\u2019exploitant du site a un int\u00e9r\u00eat l\u00e9gitime \u00e0 stocker des cookies pour garantir une fourniture techniquement correcte et optimis\u00e9e de ses services. Les autres cookies (par exemple ceux utilis\u00e9s pour analyser votre comportement de navigation) sont trait\u00e9s s\u00e9par\u00e9ment dans la pr\u00e9sente politique de confidentialit\u00e9.<\/p><h6><strong>Fichiers journaux du serveur<\/strong><\/h6><p>Le fournisseur des pages collecte et enregistre automatiquement des informations dans des fichiers journaux du serveur, que votre navigateur nous transmet automatiquement. Il s\u2019agit de:<\/p><ul><li>Type et version du navigateur<\/li><li>Syst\u00e8me d\u2019exploitation utilis\u00e9<\/li><li>URL de provenance<\/li><li>Nom d\u2019h\u00f4te de l\u2019ordinateur acc\u00e9dant au site<\/li><li>Heure de la requ\u00eate au serveur<\/li><li>IP-Adresse<\/li><\/ul><p>Ces donn\u00e9es ne sont pas recoup\u00e9es avec d\u2019autres sources de donn\u00e9es.<\/p><p>Le traitement des donn\u00e9es repose sur l\u2019article 6, paragraphe 1, point f du RGPD, qui autorise le traitement des donn\u00e9es pour l\u2019ex\u00e9cution d\u2019un contrat ou de mesures pr\u00e9contractuelles.<\/p><h6><strong>Formulaire de contact<\/strong><\/h6><p>Si vous nous envoyez des demandes via le formulaire de contact, les informations que vous y indiquez, y compris vos coordonn\u00e9es, seront enregistr\u00e9es afin de traiter votre demande et pour d\u2019\u00e9ventuelles questions compl\u00e9mentaires. Ces donn\u00e9es ne sont pas transmises sans votre consentement.<\/p><p>Le traitement des donn\u00e9es saisies dans le formulaire de contact repose exclusivement sur votre consentement (article 6, paragraphe 1, point a du RGPD). Vous pouvez retirer ce consentement \u00e0 tout moment par un simple e-mail. La l\u00e9galit\u00e9 du traitement effectu\u00e9 avant la r\u00e9vocation n\u2019est pas affect\u00e9e.<\/p><p>Les donn\u00e9es saisies dans le formulaire de contact sont conserv\u00e9es chez nous jusqu\u2019\u00e0 ce que vous demandiez leur suppression, retiriez votre consentement ou que la finalit\u00e9 du traitement disparaisse (par exemple apr\u00e8s le traitement complet de votre demande). Les obligations l\u00e9gales, notamment les d\u00e9lais de conservation, restent inchang\u00e9es.<\/p><h6><strong>Fonction de commentaire sur ce site web<\/strong><\/h6><p>Dans le cadre de la fonction de commentaire, les informations suivantes sont \u00e9galement enregistr\u00e9es: la date de cr\u00e9ation du commentaire, votre adresse e-mail et, si vous ne publiez pas anonymement, le nom d\u2019utilisateur choisi.<\/p><h6>Enregistrement de l\u2019adresse IP<\/h6><p>Notre fonction de commentaire enregistre les adresses IP des utilisateurs. \u00c9tant donn\u00e9 que nous ne v\u00e9rifions pas les commentaires avant leur publication, ces donn\u00e9es sont n\u00e9cessaires pour pouvoir agir contre l\u2019auteur en cas de violation de la loi (par exemple insultes ou contenus ill\u00e9gaux).<\/p><h6>Dur\u00e9e de conservation des commentaires<\/h6><p>Les commentaires et les donn\u00e9es associ\u00e9es (par exemple l\u2019adresse IP) sont conserv\u00e9s et restent sur notre site jusqu\u2019\u00e0 la suppression compl\u00e8te du contenu comment\u00e9 ou jusqu\u2019\u00e0 ce que les commentaires doivent \u00eatre supprim\u00e9s pour des raisons juridiques.<\/p><h6>Base juridique<\/h6><p>L\u2019enregistrement des commentaires repose sur votre consentement (article 6, paragraphe 1, point a du RGPD). Vous pouvez retirer ce consentement \u00e0 tout moment par un simple e-mail. La l\u00e9galit\u00e9 des traitements d\u00e9j\u00e0 effectu\u00e9s n\u2019est pas affect\u00e9e.<\/p><h6><strong>4. Outils d\u2019analyse et publicit\u00e9<\/strong><\/h6><h6><strong>Google reCAPTCHA<\/strong><\/h6><p>Nous utilisons \u00ab Google reCAPTCHA \u00bb (ci-apr\u00e8s \u00ab reCAPTCHA \u00bb) sur nos sites. Le fournisseur est Google Inc., 1600 Amphitheatre Parkway, Mountain View, CA 94043, \u00c9tats-Unis (\u00ab Google \u00bb).<\/p><p>reCAPTCHA permet de v\u00e9rifier si les donn\u00e9es saisies sur nos sites (par exemple dans un formulaire de contact) proviennent d\u2019une personne r\u00e9elle ou d\u2019un programme automatis\u00e9. \u00c0 cette fin, reCAPTCHA analyse le comportement du visiteur du site selon diff\u00e9rents crit\u00e8res. Cette analyse commence automatiquement d\u00e8s que le visiteur acc\u00e8de au site. Pour cette analyse, reCAPTCHA \u00e9value diff\u00e9rentes informations (par exemple l\u2019adresse IP, le temps pass\u00e9 sur le site ou les mouvements de la souris). Les donn\u00e9es collect\u00e9es sont transmises \u00e0 Google.<\/p><p>Les analyses reCAPTCHA s\u2019effectuent enti\u00e8rement en arri\u00e8re-plan. Les visiteurs du site ne sont pas inform\u00e9s qu\u2019une analyse a lieu.<\/p><p>Le traitement des donn\u00e9es repose sur l\u2019article 6, paragraphe 1, point f du RGPD. L\u2019exploitant du site a un int\u00e9r\u00eat l\u00e9gitime \u00e0 prot\u00e9ger ses offres web contre les abus automatis\u00e9s et le spam.<\/p><p class=\"translation-block\">Pour plus d\u2019informations sur Google reCAPTCHA et la politique de confidentialit\u00e9 de Google, veuillez consulter :\nhttps:\/\/www.google.com\/intl\/de\/policies\/privacy\/\n\nhttps:\/\/www.google.com\/recaptcha\/intro\/android.html<\/p><h6><strong>5. Plugins et outils<\/strong><\/h6><h6><strong>Google Web Fonts<\/strong><\/h6><p>Ce site utilise des Web Fonts fournis par Google afin d\u2019assurer une pr\u00e9sentation uniforme des polices. Lors de l\u2019acc\u00e8s \u00e0 une page, votre navigateur charge les polices n\u00e9cessaires dans son cache afin d\u2019afficher correctement les textes.<\/p><p>\u00c0 cette fin, votre navigateur doit \u00e9tablir une connexion avec les serveurs de Google. Google est ainsi inform\u00e9 que votre adresse IP a acc\u00e9d\u00e9 \u00e0 notre site. L\u2019utilisation de Google Web Fonts repose sur un int\u00e9r\u00eat l\u00e9gitime (article 6, paragraphe 1, point f du RGPD).<\/p><p>Si votre navigateur ne prend pas en charge les Web Fonts, une police standard de votre ordinateur sera utilis\u00e9e.<\/p><p class=\"translation-block\">Pour plus d\u2019informations :\nhttps:\/\/developers.google.com\/fonts\/faq\n\nhttps:\/\/www.google.com\/policies\/privacy\/<\/p><h6><strong>Google Maps<\/strong><\/h6><p>Ce site utilise le service de cartographie Google Maps via une API. Le fournisseur est Google Inc., 1600 Amphitheatre Parkway, Mountain View, CA 94043, \u00c9tats-Unis.<\/p><p>Pour utiliser les fonctionnalit\u00e9s de Google Maps, il est n\u00e9cessaire d\u2019enregistrer votre adresse IP. Ces informations sont g\u00e9n\u00e9ralement transmises \u00e0 un serveur de Google aux \u00c9tats-Unis et y sont stock\u00e9es. Le fournisseur de ce site n\u2019a aucune influence sur cette transmission de donn\u00e9es.<\/p><p>Pour utiliser les fonctionnalit\u00e9s de Google Maps, il est n\u00e9cessaire d\u2019enregistrer votre adresse IP. Ces informations sont g\u00e9n\u00e9ralement transmises \u00e0 un serveur de Google aux \u00c9tats-Unis et y sont stock\u00e9es. Le fournisseur de ce site n\u2019a aucune influence sur cette transmission de donn\u00e9es.<\/p><p class=\"translation-block\">Pour plus d\u2019informations sur le traitement des donn\u00e9es utilisateurs, veuillez consulter la politique de confidentialit\u00e9 de Google :\nhttps:\/\/www.google.de\/intl\/de\/policies\/privacy\/<\/p>\t\t\t\t\t\t\t\t<\/div>\n\t\t\t\t\t<\/div>\n\t\t\t\t<\/div>\n\t\t<div class=\"elementor-element elementor-element-bdda0a4 e-flex e-con-boxed e-con e-parent\" data-id=\"bdda0a4\" data-element_type=\"container\" data-e-type=\"container\">\n\t\t\t\t\t<div class=\"e-con-inner\">\n\t\t\t\t<div class=\"elementor-element elementor-element-404055a elementor-widget-divider--view-line elementor-widget elementor-widget-divider\" data-id=\"404055a\" data-element_type=\"widget\" data-e-type=\"widget\" data-widget_type=\"divider.default\">\n\t\t\t\t\t\t\t<div class=\"elementor-divider\">\n\t\t\t<span class=\"elementor-divider-separator\">\n\t\t\t\t\t\t<\/span>\n\t\t<\/div>\n\t\t\t\t\t\t<\/div>\n\t\t\t\t\t<\/div>\n\t\t\t\t<\/div>\n\t\t<div class=\"elementor-element elementor-element-b1e1c95 e-flex e-con-boxed e-con e-parent\" data-id=\"b1e1c95\" data-element_type=\"container\" data-e-type=\"container\">\n\t\t\t\t\t<div class=\"e-con-inner\">\n\t\t<div class=\"elementor-element elementor-element-3f0e2da e-con-full e-flex e-con e-child\" data-id=\"3f0e2da\" data-element_type=\"container\" data-e-type=\"container\">\n\t\t\t\t<div class=\"elementor-element elementor-element-07cd3a2 elementor-widget elementor-widget-heading\" data-id=\"07cd3a2\" data-element_type=\"widget\" data-e-type=\"widget\" data-widget_type=\"heading.default\">\n\t\t\t\t\t<h6 class=\"elementor-heading-title elementor-size-default\">Horaires d\u2019ouverture<\/h6>\t\t\t\t<\/div>\n\t\t\t\t<div class=\"elementor-element elementor-element-30f1fa2 elementor-widget elementor-widget-text-editor\" data-id=\"30f1fa2\" data-element_type=\"widget\" data-e-type=\"widget\" data-widget_type=\"text-editor.default\">\n\t\t\t\t\t\t\t\t\t<p style=\"text-align: center;\">Lundi \u2013 Vendredi<br \/>9:00\u00a0&#8211;\u00a018:00\u00a0Uhr<\/p><p style=\"text-align: center;\">Samedi<br \/>9:00\u00a0&#8211;\u00a014:00\u00a0Uhr<\/p>\t\t\t\t\t\t\t\t<\/div>\n\t\t\t\t<\/div>\n\t\t<div class=\"elementor-element elementor-element-32a4877 e-con-full e-flex e-con e-child\" data-id=\"32a4877\" data-element_type=\"container\" data-e-type=\"container\">\n\t\t\t\t<div class=\"elementor-element elementor-element-7514268 elementor-widget elementor-widget-heading\" data-id=\"7514268\" data-element_type=\"widget\" data-e-type=\"widget\" data-widget_type=\"heading.default\">\n\t\t\t\t\t<h6 class=\"elementor-heading-title elementor-size-default\">Contact<\/h6>\t\t\t\t<\/div>\n\t\t\t\t<div class=\"elementor-element elementor-element-e83e6b5 elementor-widget elementor-widget-text-editor\" data-id=\"e83e6b5\" data-element_type=\"widget\" data-e-type=\"widget\" data-widget_type=\"text-editor.default\">\n\t\t\t\t\t\t\t\t\t<p style=\"text-align: center;\">Eschauer Allee 6<br \/>77694 Kehl-Goldscheuer<\/p><p style=\"text-align: center;\">T\u00e9l\u00e9phone\u00a0<a class=\"txt_telNr\" href=\"tel:+4978549899721\">+49 (0)7854 9899721<\/a><br \/>Fax: +49 (0)7854 9899723<\/p>\t\t\t\t\t\t\t\t<\/div>\n\t\t\t\t<\/div>\n\t\t\t\t\t<\/div>\n\t\t\t\t<\/div>\n\t\t<div class=\"elementor-element elementor-element-8a86ba2 e-flex e-con-boxed e-con e-parent\" data-id=\"8a86ba2\" data-element_type=\"container\" data-e-type=\"container\">\n\t\t\t\t\t<div class=\"e-con-inner\">\n\t\t\t\t<div class=\"elementor-element elementor-element-a35c998 elementor-widget elementor-widget-text-editor\" data-id=\"a35c998\" data-element_type=\"widget\" data-e-type=\"widget\" data-widget_type=\"text-editor.default\">\n\t\t\t\t\t\t\t\t\t<p style=\"text-align: center;\">Votre cuisiniste &amp; showroom de cuisines pour cuisines, \u00e9lectrom\u00e9nagers, robinetterie, \u00e9viers, cuisines lin\u00e9aires, cuisines de r\u00eave, cuisines \u00e9quip\u00e9es, cuisines d\u2019exposition, montage de cuisines, conception de cuisines et bien plus encore \u00e0 Kehl, Offenburg, Lahr, Rust, Baden-Baden, Achern, Karlsruhe, Baden, Ortenau, S\u00e9lestat, Alsace et Strasbourg<\/p>\t\t\t\t\t\t\t\t<\/div>\n\t\t\t\t\t<\/div>\n\t\t\t\t<\/div>\n\t\t\t\t<\/div>","protected":false},"excerpt":{"rendered":"<p>1. Datenschutz auf einen Blick Allgemeine Hinweise Die folgenden Hinweise geben einen einfachen \u00dcberblick dar\u00fcber, was mit Ihren personenbezogenen Daten passiert, wenn Sie unsere Website besuchen. Personenbezogene Daten sind alle Daten, mit denen Sie pers\u00f6nlich identifiziert werden k\u00f6nnen. Ausf\u00fchrliche Informationen zum Thema Datenschutz entnehmen Sie unserer unter diesem Text aufgef\u00fchrten Datenschutzerkl\u00e4rung. Datenerfassung auf unserer Website [&hellip;]<\/p>\n","protected":false},"author":2,"featured_media":0,"parent":0,"menu_order":0,"comment_status":"closed","ping_status":"closed","template":"","meta":{"inline_featured_image":false,"footnotes":""},"class_list":["post-12791","page","type-page","status-publish","hentry"],"_links":{"self":[{"href":"https:\/\/xn--ortenaukche-0hb.de\/fr\/wp-json\/wp\/v2\/pages\/12791","targetHints":{"allow":["GET"]}}],"collection":[{"href":"https:\/\/xn--ortenaukche-0hb.de\/fr\/wp-json\/wp\/v2\/pages"}],"about":[{"href":"https:\/\/xn--ortenaukche-0hb.de\/fr\/wp-json\/wp\/v2\/types\/page"}],"author":[{"embeddable":true,"href":"https:\/\/xn--ortenaukche-0hb.de\/fr\/wp-json\/wp\/v2\/users\/2"}],"replies":[{"embeddable":true,"href":"https:\/\/xn--ortenaukche-0hb.de\/fr\/wp-json\/wp\/v2\/comments?post=12791"}],"version-history":[{"count":11,"href":"https:\/\/xn--ortenaukche-0hb.de\/fr\/wp-json\/wp\/v2\/pages\/12791\/revisions"}],"predecessor-version":[{"id":12813,"href":"https:\/\/xn--ortenaukche-0hb.de\/fr\/wp-json\/wp\/v2\/pages\/12791\/revisions\/12813"}],"wp:attachment":[{"href":"https:\/\/xn--ortenaukche-0hb.de\/fr\/wp-json\/wp\/v2\/media?parent=12791"}],"curies":[{"name":"wp","href":"https:\/\/api.w.org\/{rel}","templated":true}]}}