{"id":16661,"date":"2026-03-18T13:29:40","date_gmt":"2026-03-18T13:29:40","guid":{"rendered":"https:\/\/xn--ortenaukche-0hb.de\/?page_id=16661"},"modified":"2026-03-18T13:30:39","modified_gmt":"2026-03-18T13:30:39","slug":"ausstellung","status":"publish","type":"page","link":"https:\/\/xn--ortenaukche-0hb.de\/fr\/ausstellung\/","title":{"rendered":"Austellungsk\u00fcchen"},"content":{"rendered":"<div data-elementor-type=\"wp-page\" data-elementor-id=\"16661\" class=\"elementor elementor-16661\">\n\t\t\t\t\t\t<div class=\"elementor-section elementor-top-section elementor-element elementor-element-74ea13f elementor-section-stretched elementor-section-boxed elementor-section-height-default elementor-section-height-default\" data-id=\"74ea13f\" data-element_type=\"section\" data-e-type=\"section\" data-settings=\"{&quot;stretch_section&quot;:&quot;section-stretched&quot;}\">\n\t\t\t\t\t\t<div class=\"elementor-container elementor-column-gap-no\">\n\t\t\t\t\t<div class=\"elementor-column elementor-col-100 elementor-top-column elementor-element elementor-element-e1ab9f3\" data-id=\"e1ab9f3\" data-element_type=\"column\" data-e-type=\"column\">\n\t\t\t<div class=\"elementor-widget-wrap elementor-element-populated\">\n\t\t\t\t\t\t<div class=\"elementor-element elementor-element-ca50d20 project-style-2 elementor-project-valign-flex-end elementor-project-align-left arrow-style-1 elementor-widget elementor-widget-kitchor-project\" data-id=\"ca50d20\" data-element_type=\"widget\" data-e-type=\"widget\" data-widget_type=\"kitchor-project.default\">\n\t\t\t\t<div class=\"elementor-widget-container\">\n\t\t\t\t\t        <ul class=\"elementor-project__filters\" data-related=\"isotope-ca50d20\">\n            <li class=\"elementor-project__filter elementor-active all\"\n                data-filter=\".__all\">All<span class=\"count\"><\/span><\/li>\n                                        <li class=\"elementor-project__filter\"\n                    data-filter=\".ausstellung\">Cuisine d\u2019exposition                    <span class=\"count\">()<\/span><\/li>\n                        <li class=\"total\">(0)<\/li>\n        <\/ul>\n                <div class=\"elementor-post-wrapper\">\n            <div class=\"isotope-grid row row\" data-elementor-columns-widescreen=\"3\" data-elementor-columns=\"3\" data-elementor-columns-laptop=\"3\" data-elementor-columns-tablet-extra=\"3\" data-elementor-columns-tablet=\"2\" data-elementor-columns-mobile-extra=\"2\" data-elementor-columns-mobile=\"1\">\n                <div class=\"column-item project-entries __all ausstellung\"><article class=\"project post-1935 kitchor_project type-kitchor_project status-publish has-post-thumbnail hentry kitchor_project_cat-ausstellung\">\n    <div class=\"project-inner\">\n        <div class=\"project-post-thumbnail\">\n                            <img fetchpriority=\"high\" decoding=\"async\" width=\"850\" height=\"520\" src=\"https:\/\/xn--ortenaukche-0hb.de\/wp-content\/uploads\/2026\/03\/kuechenstudio1_web-850x520.png\" class=\"attachment-kitchor-project-grid size-kitchor-project-grid wp-post-image\" alt=\"\" srcset=\"https:\/\/xn--ortenaukche-0hb.de\/wp-content\/uploads\/2026\/03\/kuechenstudio1_web-850x520.png 850w, https:\/\/xn--ortenaukche-0hb.de\/wp-content\/uploads\/2026\/03\/kuechenstudio1_web-18x12.png 18w\" sizes=\"(max-width: 850px) 100vw, 850px\" \/>                    <\/div><!-- .post-thumbnail -->\n        <div class=\"project-content\">\n            <h2 class=\"entry-title\"><a href=\"https:\/\/xn--ortenaukche-0hb.de\/fr\/project\/ausstellungskueche-1\/\">Ausstellungsk\u00fcche I<\/a><\/h2>\n            <div class=\"project-content-category\">\n                <a href=\"https:\/\/xn--ortenaukche-0hb.de\/fr\/project-cat\/ausstellung\/\">Cuisine d\u2019exposition<\/a>            <\/div>\n        <\/div>\n    <\/div>\n<\/article><!-- #post-## -->\n<\/div><div class=\"column-item project-entries __all ausstellung\"><article class=\"project post-1390 kitchor_project type-kitchor_project status-publish has-post-thumbnail hentry kitchor_project_cat-ausstellung\">\n    <div class=\"project-inner\">\n        <div class=\"project-post-thumbnail\">\n                            <img decoding=\"async\" width=\"850\" height=\"520\" src=\"https:\/\/xn--ortenaukche-0hb.de\/wp-content\/uploads\/2026\/03\/kuechenstudio3_schwarze_kueche_essplatz_1_web_sehr_hell-850x520.jpg\" class=\"attachment-kitchor-project-grid size-kitchor-project-grid wp-post-image\" alt=\"\" srcset=\"https:\/\/xn--ortenaukche-0hb.de\/wp-content\/uploads\/2026\/03\/kuechenstudio3_schwarze_kueche_essplatz_1_web_sehr_hell-850x520.jpg 850w, https:\/\/xn--ortenaukche-0hb.de\/wp-content\/uploads\/2026\/03\/kuechenstudio3_schwarze_kueche_essplatz_1_web_sehr_hell-18x12.jpg 18w\" sizes=\"(max-width: 850px) 100vw, 850px\" \/>                    <\/div><!-- .post-thumbnail -->\n        <div class=\"project-content\">\n            <h2 class=\"entry-title\"><a href=\"https:\/\/xn--ortenaukche-0hb.de\/fr\/project\/moderne-perfektion\/\">Perfection moderne<\/a><\/h2>\n            <div class=\"project-content-category\">\n                <a href=\"https:\/\/xn--ortenaukche-0hb.de\/fr\/project-cat\/ausstellung\/\">Cuisine d\u2019exposition<\/a>            <\/div>\n        <\/div>\n    <\/div>\n<\/article><!-- #post-## -->\n<\/div>            <\/div>\n        <\/div>\n        \t\t\t\t<\/div>\n\t\t\t\t<\/div>\n\t\t\t\t\t<\/div>\n\t\t<\/div>\n\t\t\t\t\t<\/div>\n\t\t<\/div>\n\t\t\t\t<\/div>","protected":false},"excerpt":{"rendered":"<p>All Ausstellungsk\u00fcche () (0) Kitchen project 11 Ausstellungsk\u00fcche, Modern Moderne Perfektion Ausstellungsk\u00fcche, Landhausstil<\/p>","protected":false},"author":2,"featured_media":0,"parent":0,"menu_order":0,"comment_status":"closed","ping_status":"closed","template":"","meta":{"inline_featured_image":false,"footnotes":""},"class_list":["post-16661","page","type-page","status-publish","hentry"],"_links":{"self":[{"href":"https:\/\/xn--ortenaukche-0hb.de\/fr\/wp-json\/wp\/v2\/pages\/16661","targetHints":{"allow":["GET"]}}],"collection":[{"href":"https:\/\/xn--ortenaukche-0hb.de\/fr\/wp-json\/wp\/v2\/pages"}],"about":[{"href":"https:\/\/xn--ortenaukche-0hb.de\/fr\/wp-json\/wp\/v2\/types\/page"}],"author":[{"embeddable":true,"href":"https:\/\/xn--ortenaukche-0hb.de\/fr\/wp-json\/wp\/v2\/users\/2"}],"replies":[{"embeddable":true,"href":"https:\/\/xn--ortenaukche-0hb.de\/fr\/wp-json\/wp\/v2\/comments?post=16661"}],"version-history":[{"count":5,"href":"https:\/\/xn--ortenaukche-0hb.de\/fr\/wp-json\/wp\/v2\/pages\/16661\/revisions"}],"predecessor-version":[{"id":16666,"href":"https:\/\/xn--ortenaukche-0hb.de\/fr\/wp-json\/wp\/v2\/pages\/16661\/revisions\/16666"}],"wp:attachment":[{"href":"https:\/\/xn--ortenaukche-0hb.de\/fr\/wp-json\/wp\/v2\/media?parent=16661"}],"curies":[{"name":"wp","href":"https:\/\/api.w.org\/{rel}","templated":true}]}}