{"id":2032,"date":"2022-06-10T09:17:57","date_gmt":"2022-06-10T09:17:57","guid":{"rendered":"http:\/\/source.wpopal.com\/kitchor\/?page_id=2032"},"modified":"2026-04-11T09:38:31","modified_gmt":"2026-04-11T09:38:31","slug":"services-01","status":"publish","type":"page","link":"https:\/\/xn--ortenaukche-0hb.de\/fr\/services-01\/","title":{"rendered":"Nos prestations de services"},"content":{"rendered":"<div data-elementor-type=\"wp-page\" data-elementor-id=\"2032\" class=\"elementor elementor-2032\">\n\t\t\t\t\t\t<div class=\"elementor-section elementor-top-section elementor-element elementor-element-4dbfd6c elementor-section-stretched elementor-section-boxed elementor-section-height-default elementor-section-height-default\" data-id=\"4dbfd6c\" data-element_type=\"section\" data-e-type=\"section\" data-settings=\"{&quot;stretch_section&quot;:&quot;section-stretched&quot;}\">\n\t\t\t\t\t\t\t<div class=\"elementor-background-overlay\"><\/div>\n\t\t\t\t\t\t\t<div class=\"elementor-container elementor-column-gap-no\">\n\t\t\t\t\t<div class=\"elementor-column elementor-col-100 elementor-top-column elementor-element elementor-element-6e5d427\" data-id=\"6e5d427\" data-element_type=\"column\" data-e-type=\"column\">\n\t\t\t<div class=\"elementor-widget-wrap elementor-element-populated\">\n\t\t\t\t\t\t<div class=\"elementor-element elementor-element-d36769e elementor-widget elementor-widget-heading\" data-id=\"d36769e\" data-element_type=\"widget\" data-e-type=\"widget\" data-widget_type=\"heading.default\">\n\t\t\t\t\t<div class=\"elementor-heading-title elementor-size-default\">Nos services<\/div>\t\t\t\t<\/div>\n\t\t\t\t<div class=\"elementor-element elementor-element-a90f382 elementor-widget__width-initial elementor-widget elementor-widget-heading\" data-id=\"a90f382\" data-element_type=\"widget\" data-e-type=\"widget\" data-widget_type=\"heading.default\">\n\t\t\t\t\t<h2 class=\"elementor-heading-title elementor-size-default\"><p data-start=\"641\" data-end=\"702\">Nous offrons bien plus que la qualit\u00e9 \u2014 nous \u00e9tablissons de nouvelles r\u00e9f\u00e9rences.<span style=\"font-size: 3rem\"><\/span><\/p><\/h2>\t\t\t\t<\/div>\n\t\t\t\t\t<\/div>\n\t\t<\/div>\n\t\t\t\t\t<\/div>\n\t\t<\/div>\n\t\t\t\t<div class=\"elementor-section elementor-top-section elementor-element elementor-element-4ad61fc elementor-section-stretched elementor-section-boxed elementor-section-height-default elementor-section-height-default\" data-id=\"4ad61fc\" data-element_type=\"section\" data-e-type=\"section\" data-settings=\"{&quot;stretch_section&quot;:&quot;section-stretched&quot;,&quot;background_background&quot;:&quot;classic&quot;}\">\n\t\t\t\t\t\t<div class=\"elementor-container elementor-column-gap-no\">\n\t\t\t\t\t<div class=\"elementor-column elementor-col-50 elementor-top-column elementor-element elementor-element-6c85469\" data-id=\"6c85469\" data-element_type=\"column\" data-e-type=\"column\">\n\t\t\t<div class=\"elementor-widget-wrap elementor-element-populated\">\n\t\t\t\t\t\t<div class=\"elementor-element elementor-element-ed3a662 elementor-widget elementor-widget-heading\" data-id=\"ed3a662\" data-element_type=\"widget\" data-e-type=\"widget\" data-widget_type=\"heading.default\">\n\t\t\t\t\t<div class=\"elementor-heading-title elementor-size-default\">Voici notre fa\u00e7on de travailler<\/div>\t\t\t\t<\/div>\n\t\t\t\t<div class=\"elementor-element elementor-element-105fc67 elementor-widget-tablet_extra__width-initial elementor-widget elementor-widget-heading\" data-id=\"105fc67\" data-element_type=\"widget\" data-e-type=\"widget\" data-widget_type=\"heading.default\">\n\t\t\t\t\t<h2 class=\"elementor-heading-title elementor-size-default\">3 \u00e9tapes simples vers votre design d\u2019int\u00e9rieur<\/h2>\t\t\t\t<\/div>\n\t\t\t\t<div class=\"elementor-element elementor-element-0035465 elementor-widget elementor-widget-text-editor\" data-id=\"0035465\" data-element_type=\"widget\" data-e-type=\"widget\" data-widget_type=\"text-editor.default\">\n\t\t\t\t\t\t\t\t\t<p>L\u2019agencement de votre cuisine peut varier consid\u00e9rablement en fonction du design global. Sa configuration d\u00e9termine \u00e9galement l\u2019espace disponible pour les meubles, les plans de travail et les accessoires.<\/p>\t\t\t\t\t\t\t\t<\/div>\n\t\t\t\t\t<\/div>\n\t\t<\/div>\n\t\t\t\t<div class=\"elementor-column elementor-col-50 elementor-top-column elementor-element elementor-element-b72f0d2\" data-id=\"b72f0d2\" data-element_type=\"column\" data-e-type=\"column\" data-settings=\"{&quot;background_background&quot;:&quot;classic&quot;}\">\n\t\t\t<div class=\"elementor-widget-wrap elementor-element-populated\">\n\t\t\t\t\t\t<div class=\"elementor-element elementor-element-4b78f3a button-banner-style-kitchor-outline elementor-cta--valign-top elementor-widget__width-initial elementor-widget-mobile__width-inherit elementor-bg-transform elementor-bg-transform-move-left-custom elementor-position-below elementor-widget elementor-widget-kitchor-banner\" data-id=\"4b78f3a\" data-element_type=\"widget\" data-e-type=\"widget\" data-settings=\"{&quot;overlay_color_background&quot;:&quot;classic&quot;}\" data-widget_type=\"kitchor-banner.default\">\n\t\t\t\t<div class=\"elementor-widget-container\">\n\t\t\t\t\t        <div  class=\"elementor-cta--skin-cover elementor-cta elementor-kitchor-banner\">\n                    <div class=\"elementor-cta__bg-wrapper\">\n                <div class=\"elementor-cta__bg elementor-bg\" style=\"background-image: url(https:\/\/xn--ortenaukche-0hb.de\/wp-content\/uploads\/2022\/06\/step1.jpg);\"><\/div>\n                <div class=\"elementor-cta__bg-overlay\"><\/div>\n            <\/div>\n                <div class=\"elementor-cta__content\">\n        <div class=\"elementor-cta__content_inner\">\n                    <div class=\"elementor-cta__number elementor-cta__content-item\">\n                <span>01<\/span>\n            <\/div>\n                \n                <h3 class=\"elementor-cta__title elementor-cta__content-item elementor-content-item\">\n        Nous venons <br> chez vous        <\/h3>\n    \n                    <div class=\"elementor-cta__description elementor-cta__content-item elementor-content-item\">\n                Nous prenons les mesures pr\u00e9cises de votre cuisine, discutons de vos souhaits et lan\u00e7ons ensuite ensemble le processus de conception personnalis\u00e9 de votre cuisine.            <\/div>\n        \n                <div class=\"elementor-cta__button-wrapper elementor-cta__content-item elementor-content-item\">\n            <a class=\"elementor-cta__button elementor-button\" href=\"\/fr\/service\/aufmass\/\"            >\n            <span class=\"elementor-button-content-wrapper\">\n                                <span class=\"elementor-button-text\">Plus<\/span>\n            <\/span>\n\n            <\/a>\n\n            <\/div>\n                <\/div>\n        <\/div>\n        <\/div>\n        \t\t\t\t<\/div>\n\t\t\t\t<\/div>\n\t\t\t\t<div class=\"elementor-element elementor-element-3575cdb button-banner-style-kitchor-outline elementor-cta--valign-top elementor-widget__width-initial elementor-widget-mobile__width-inherit elementor-bg-transform elementor-bg-transform-move-left-custom elementor-position-below elementor-widget elementor-widget-kitchor-banner\" data-id=\"3575cdb\" data-element_type=\"widget\" data-e-type=\"widget\" data-settings=\"{&quot;overlay_color_background&quot;:&quot;classic&quot;}\" data-widget_type=\"kitchor-banner.default\">\n\t\t\t\t<div class=\"elementor-widget-container\">\n\t\t\t\t\t        <div  class=\"elementor-cta--skin-cover elementor-cta elementor-kitchor-banner\">\n                    <div class=\"elementor-cta__bg-wrapper\">\n                <div class=\"elementor-cta__bg elementor-bg\" style=\"background-image: url(https:\/\/xn--ortenaukche-0hb.de\/wp-content\/uploads\/2022\/06\/step2.jpg);\"><\/div>\n                <div class=\"elementor-cta__bg-overlay\"><\/div>\n            <\/div>\n                <div class=\"elementor-cta__content\">\n        <div class=\"elementor-cta__content_inner\">\n                    <div class=\"elementor-cta__number elementor-cta__content-item\">\n                <span>02<\/span>\n            <\/div>\n                \n                <h3 class=\"elementor-cta__title elementor-cta__content-item elementor-content-item\">\n        Esquisses <br>informatiques pr\u00e9liminaires        <\/h3>\n    \n                    <div class=\"elementor-cta__description elementor-cta__content-item elementor-content-item\">\n                Sur la base des dimensions exactes de votre cuisine, nous \u00e9laborons les premi\u00e8res propositions de design qui vous donnent une vision claire de votre future cuisine.            <\/div>\n        \n                <div class=\"elementor-cta__button-wrapper elementor-cta__content-item elementor-content-item\">\n            <a class=\"elementor-cta__button elementor-button\" href=\"\/fr\/service\/planung\/\"            >\n            <span class=\"elementor-button-content-wrapper\">\n                                <span class=\"elementor-button-text\">Plus<\/span>\n            <\/span>\n\n            <\/a>\n\n            <\/div>\n                <\/div>\n        <\/div>\n        <\/div>\n        \t\t\t\t<\/div>\n\t\t\t\t<\/div>\n\t\t\t\t<div class=\"elementor-element elementor-element-f7b0d92 button-banner-style-kitchor-outline elementor-cta--valign-top elementor-widget__width-initial elementor-widget-mobile__width-inherit elementor-bg-transform elementor-bg-transform-move-left-custom elementor-position-below elementor-widget elementor-widget-kitchor-banner\" data-id=\"f7b0d92\" data-element_type=\"widget\" data-e-type=\"widget\" data-settings=\"{&quot;overlay_color_background&quot;:&quot;classic&quot;}\" data-widget_type=\"kitchor-banner.default\">\n\t\t\t\t<div class=\"elementor-widget-container\">\n\t\t\t\t\t        <div  class=\"elementor-cta--skin-cover elementor-cta elementor-kitchor-banner\">\n                    <div class=\"elementor-cta__bg-wrapper\">\n                <div class=\"elementor-cta__bg elementor-bg\" style=\"background-image: url(https:\/\/xn--ortenaukche-0hb.de\/wp-content\/uploads\/2022\/06\/step3.jpg);\"><\/div>\n                <div class=\"elementor-cta__bg-overlay\"><\/div>\n            <\/div>\n                <div class=\"elementor-cta__content\">\n        <div class=\"elementor-cta__content_inner\">\n                    <div class=\"elementor-cta__number elementor-cta__content-item\">\n                <span>03<\/span>\n            <\/div>\n                \n                <h3 class=\"elementor-cta__title elementor-cta__content-item elementor-content-item\">\n        L\u2019installation professionnelle commence        <\/h3>\n    \n                    <div class=\"elementor-cta__description elementor-cta__content-item elementor-content-item\">\n                D\u00e8s que les premiers projets sont d\u00e9finis, nous pr\u00e9parons toutes les \u00e9tapes n\u00e9cessaires pour une installation pr\u00e9cise et professionnelle de votre cuisine \u2014 afin que tout soit parfaitement ajust\u00e9 au final.            <\/div>\n        \n                <div class=\"elementor-cta__button-wrapper elementor-cta__content-item elementor-content-item\">\n            <a class=\"elementor-cta__button elementor-button\" href=\"\/fr\/service\/montage\/\"            >\n            <span class=\"elementor-button-content-wrapper\">\n                                <span class=\"elementor-button-text\">Plus<\/span>\n            <\/span>\n\n            <\/a>\n\n            <\/div>\n                <\/div>\n        <\/div>\n        <\/div>\n        \t\t\t\t<\/div>\n\t\t\t\t<\/div>\n\t\t\t\t\t<\/div>\n\t\t<\/div>\n\t\t\t\t\t<\/div>\n\t\t<\/div>\n\t\t\t\t<div class=\"elementor-section elementor-top-section elementor-element elementor-element-5e46eb1 elementor-section-full_width elementor-section-height-min-height elementor-section-items-stretch elementor-section-stretched elementor-section-height-default\" data-id=\"5e46eb1\" data-element_type=\"section\" data-e-type=\"section\" data-settings=\"{&quot;stretch_section&quot;:&quot;section-stretched&quot;,&quot;background_background&quot;:&quot;classic&quot;}\">\n\t\t\t\t\t\t<div class=\"elementor-container elementor-column-gap-no\">\n\t\t\t\t\t<div class=\"elementor-column elementor-col-100 elementor-top-column elementor-element elementor-element-3722764\" data-id=\"3722764\" data-element_type=\"column\" data-e-type=\"column\" data-settings=\"{&quot;background_background&quot;:&quot;gradient&quot;}\">\n\t\t\t<div class=\"elementor-widget-wrap elementor-element-populated\">\n\t\t\t\t\t\t<div class=\"elementor-element elementor-element-07b0b78 elementor-absolute elementor-hidden-mobile elementor-widget elementor-widget-image\" data-id=\"07b0b78\" data-element_type=\"widget\" data-e-type=\"widget\" data-settings=\"{&quot;_position&quot;:&quot;absolute&quot;}\" data-widget_type=\"image.default\">\n\t\t\t\t\t\t\t\t\t\t\t\t\t\t\t<img fetchpriority=\"high\" decoding=\"async\" width=\"1315\" height=\"1920\" src=\"https:\/\/xn--ortenaukche-0hb.de\/wp-content\/uploads\/2026\/03\/MAT-L192T_GS_2025.jpg\" class=\"attachment-full size-full wp-image-16462\" alt=\"\" srcset=\"https:\/\/xn--ortenaukche-0hb.de\/wp-content\/uploads\/2026\/03\/MAT-L192T_GS_2025.jpg 1315w, https:\/\/xn--ortenaukche-0hb.de\/wp-content\/uploads\/2026\/03\/MAT-L192T_GS_2025-205x300.jpg 205w, https:\/\/xn--ortenaukche-0hb.de\/wp-content\/uploads\/2026\/03\/MAT-L192T_GS_2025-701x1024.jpg 701w, https:\/\/xn--ortenaukche-0hb.de\/wp-content\/uploads\/2026\/03\/MAT-L192T_GS_2025-768x1121.jpg 768w, https:\/\/xn--ortenaukche-0hb.de\/wp-content\/uploads\/2026\/03\/MAT-L192T_GS_2025-1052x1536.jpg 1052w, https:\/\/xn--ortenaukche-0hb.de\/wp-content\/uploads\/2026\/03\/MAT-L192T_GS_2025-800x1168.jpg 800w\" sizes=\"(max-width: 1315px) 100vw, 1315px\" \/>\t\t\t\t\t\t\t\t\t\t\t\t\t\t\t<\/div>\n\t\t\t\t<div class=\"elementor-section elementor-inner-section elementor-element elementor-element-27ea315 elementor-section-boxed elementor-section-height-default elementor-section-height-default\" data-id=\"27ea315\" data-element_type=\"section\" data-e-type=\"section\">\n\t\t\t\t\t\t<div class=\"elementor-container elementor-column-gap-no\">\n\t\t\t\t\t<div class=\"elementor-column elementor-col-100 elementor-inner-column elementor-element elementor-element-2f468c9\" data-id=\"2f468c9\" data-element_type=\"column\" data-e-type=\"column\" data-settings=\"{&quot;background_background&quot;:&quot;classic&quot;}\">\n\t\t\t<div class=\"elementor-widget-wrap elementor-element-populated\">\n\t\t\t\t\t<div class=\"elementor-background-overlay\"><\/div>\n\t\t\t\t\t\t<div class=\"elementor-element elementor-element-064b59a elementor-widget elementor-widget-heading\" data-id=\"064b59a\" data-element_type=\"widget\" data-e-type=\"widget\" data-widget_type=\"heading.default\">\n\t\t\t\t\t<div class=\"elementor-heading-title elementor-size-default\">R\u00e9ussites<\/div>\t\t\t\t<\/div>\n\t\t\t\t<div class=\"elementor-element elementor-element-9f87c10 elementor-widget__width-initial elementor-widget-laptop__width-inherit elementor-widget elementor-widget-heading\" data-id=\"9f87c10\" data-element_type=\"widget\" data-e-type=\"widget\" data-widget_type=\"heading.default\">\n\t\t\t\t\t<h2 class=\"elementor-heading-title elementor-size-default\">Des r\u00e9ussites dont nous sommes fiers<\/h2>\t\t\t\t<\/div>\n\t\t\t\t<div class=\"elementor-element elementor-element-f841a71 elementor-widget elementor-widget-text-editor\" data-id=\"f841a71\" data-element_type=\"widget\" data-e-type=\"widget\" data-widget_type=\"text-editor.default\">\n\t\t\t\t\t\t\t\t\t<p data-start=\"175\" data-end=\"415\" class=\"translation-block\">Avec plus de 25 ans d\u2019exp\u00e9rience, nous avons r\u00e9alis\u00e9 avec succ\u00e8s plus de 1000 cuisines et accompagn\u00e9 d\u00e9j\u00e0 900 clients satisfaits qui ont fait vivre notre passion.<\/p><p data-start=\"417\" data-end=\"692\">Les visages heureux de nos clients nous motivent chaque jour \u00e0 travailler avec un engagement total et une v\u00e9ritable passion.<br data-start=\"537\" data-end=\"540\" \/>Nous accordons une attention \u00e0 chaque d\u00e9tail et r\u00e9alisons vos id\u00e9es avec pr\u00e9cision \u2014 afin que votre cuisine soit exactement comme vous l\u2019avez imagin\u00e9e.<\/p>\t\t\t\t\t\t\t\t<\/div>\n\t\t\t\t<div class=\"elementor-element elementor-element-435bddf elementor-widget__width-initial elementor-widget-mobile__width-inherit elementor-alignment-left elementor-vertical-align-top elementor-widget elementor-widget-counter\" data-id=\"435bddf\" data-element_type=\"widget\" data-e-type=\"widget\" data-widget_type=\"counter.default\">\n\t\t\t\t<div class=\"elementor-widget-container\">\n\t\t\t\t\t        <div class=\"elementor-counter\">\n                        <div class=\"elementor-icon-counter\">\n                                    <i class=\"kitchor-icon- kitchor-icon-users-medical kitchor-icon\" aria-hidden=\"true true\"><\/i>\n                            <\/div>\n                    <div class=\"elementor-counter-wrapper\">\n                <div class=\"elementor-counter-number-wrapper\">\n                                            <span class=\"elementor-counter-number-prefix\">   <\/span>\n                                        <span class=\"elementor-counter-number\" data-duration=\"2000\" data-to-value=\"900\" data-delimiter=\",\">0<\/span>\n                                    <\/div>\n\n                                    <div class=\"elementor-counter-title-wrap\">\n                                                    <div class=\"elementor-counter-title\">CLIENTS SATISFAITS <\/div>\n                                                                                            <\/div>\n                            <\/div>\n        <\/div>\n        \t\t\t\t<\/div>\n\t\t\t\t<\/div>\n\t\t\t\t<div class=\"elementor-element elementor-element-2150ebb elementor-widget__width-initial elementor-widget-mobile__width-inherit elementor-alignment-left elementor-vertical-align-top elementor-widget elementor-widget-counter\" data-id=\"2150ebb\" data-element_type=\"widget\" data-e-type=\"widget\" data-widget_type=\"counter.default\">\n\t\t\t\t<div class=\"elementor-widget-container\">\n\t\t\t\t\t        <div class=\"elementor-counter\">\n                        <div class=\"elementor-icon-counter\">\n                                    <i class=\"kitchor-icon- kitchor-icon-cabinets kitchor-icon\" aria-hidden=\"true true\"><\/i>\n                            <\/div>\n                    <div class=\"elementor-counter-wrapper\">\n                <div class=\"elementor-counter-number-wrapper\">\n                                        <span class=\"elementor-counter-number\" data-duration=\"2000\" data-to-value=\"1000\" data-delimiter=\",\">0<\/span>\n                                    <\/div>\n\n                                    <div class=\"elementor-counter-title-wrap\">\n                                                    <div class=\"elementor-counter-title\">CUISINES CON\u00c7UES <\/div>\n                                                                                            <\/div>\n                            <\/div>\n        <\/div>\n        \t\t\t\t<\/div>\n\t\t\t\t<\/div>\n\t\t\t\t<div class=\"elementor-element elementor-element-b23e004 elementor-hidden-mobile elementor-widget elementor-widget-spacer\" data-id=\"b23e004\" data-element_type=\"widget\" data-e-type=\"widget\" data-widget_type=\"spacer.default\">\n\t\t\t\t\t\t\t<div class=\"elementor-spacer\">\n\t\t\t<div class=\"elementor-spacer-inner\"><\/div>\n\t\t<\/div>\n\t\t\t\t\t\t<\/div>\n\t\t\t\t\t<\/div>\n\t\t<\/div>\n\t\t\t\t\t<\/div>\n\t\t<\/div>\n\t\t\t\t\t<\/div>\n\t\t<\/div>\n\t\t\t\t\t<\/div>\n\t\t<\/div>\n\t\t<div class=\"elementor-element elementor-element-0396b3b e-flex e-con-boxed e-con e-parent\" data-id=\"0396b3b\" data-element_type=\"container\" data-e-type=\"container\">\n\t\t\t\t\t<div class=\"e-con-inner\">\n\t\t\t\t<div class=\"elementor-element elementor-element-2bc0f09 elementor-widget-divider--view-line elementor-widget elementor-widget-divider\" data-id=\"2bc0f09\" data-element_type=\"widget\" data-e-type=\"widget\" data-widget_type=\"divider.default\">\n\t\t\t\t\t\t\t<div class=\"elementor-divider\">\n\t\t\t<span class=\"elementor-divider-separator\">\n\t\t\t\t\t\t<\/span>\n\t\t<\/div>\n\t\t\t\t\t\t<\/div>\n\t\t\t\t\t<\/div>\n\t\t\t\t<\/div>\n\t\t\t\t<\/div>","protected":false},"excerpt":{"rendered":"<p>Unsere Dienstleistungen Wir bieten weit mehr als Qualit\u00e4t \u2013 wir setzen neue Ma\u00dfst\u00e4be. So sieht unsere Arbeitsweise aus 3 einfache Schritte zu Ihrem Interior Design Die Anordnung Ihrer K\u00fcche kann je nach Gesamtdesign erheblich variieren.Ihre Form bestimmt auch, wie viel Platz f\u00fcr Schr\u00e4nke, Arbeitsplatten und Zubeh\u00f6r zur Verf\u00fcgung steht. 01 Wir besuchen Sie zu Hause [&hellip;]<\/p>\n","protected":false},"author":2,"featured_media":0,"parent":0,"menu_order":0,"comment_status":"closed","ping_status":"closed","template":"","meta":{"inline_featured_image":false,"footnotes":""},"class_list":["post-2032","page","type-page","status-publish","hentry"],"_links":{"self":[{"href":"https:\/\/xn--ortenaukche-0hb.de\/fr\/wp-json\/wp\/v2\/pages\/2032","targetHints":{"allow":["GET"]}}],"collection":[{"href":"https:\/\/xn--ortenaukche-0hb.de\/fr\/wp-json\/wp\/v2\/pages"}],"about":[{"href":"https:\/\/xn--ortenaukche-0hb.de\/fr\/wp-json\/wp\/v2\/types\/page"}],"author":[{"embeddable":true,"href":"https:\/\/xn--ortenaukche-0hb.de\/fr\/wp-json\/wp\/v2\/users\/2"}],"replies":[{"embeddable":true,"href":"https:\/\/xn--ortenaukche-0hb.de\/fr\/wp-json\/wp\/v2\/comments?post=2032"}],"version-history":[{"count":21,"href":"https:\/\/xn--ortenaukche-0hb.de\/fr\/wp-json\/wp\/v2\/pages\/2032\/revisions"}],"predecessor-version":[{"id":16880,"href":"https:\/\/xn--ortenaukche-0hb.de\/fr\/wp-json\/wp\/v2\/pages\/2032\/revisions\/16880"}],"wp:attachment":[{"href":"https:\/\/xn--ortenaukche-0hb.de\/fr\/wp-json\/wp\/v2\/media?parent=2032"}],"curies":[{"name":"wp","href":"https:\/\/api.w.org\/{rel}","templated":true}]}}