{"id":2034,"date":"2022-06-10T09:18:16","date_gmt":"2022-06-10T09:18:16","guid":{"rendered":"http:\/\/source.wpopal.com\/kitchor\/?page_id=2034"},"modified":"2022-06-10T09:18:16","modified_gmt":"2022-06-10T09:18:16","slug":"services-02","status":"publish","type":"page","link":"https:\/\/xn--ortenaukche-0hb.de\/fr\/services-02\/","title":{"rendered":"Services 02"},"content":{"rendered":"<div data-elementor-type=\"wp-page\" data-elementor-id=\"2034\" class=\"elementor elementor-2034\">\n\t\t\t\t\t\t<div class=\"elementor-section elementor-top-section elementor-element elementor-element-77f57bc elementor-section-stretched elementor-section-boxed elementor-section-height-default elementor-section-height-default\" data-id=\"77f57bc\" data-element_type=\"section\" data-e-type=\"section\" data-settings=\"{&quot;stretch_section&quot;:&quot;section-stretched&quot;}\">\n\t\t\t\t\t\t<div class=\"elementor-container elementor-column-gap-no\">\n\t\t\t\t\t<div class=\"elementor-column elementor-col-100 elementor-top-column elementor-element elementor-element-c52ba8a\" data-id=\"c52ba8a\" data-element_type=\"column\" data-e-type=\"column\">\n\t\t\t<div class=\"elementor-widget-wrap elementor-element-populated\">\n\t\t\t\t\t\t<div class=\"elementor-element elementor-element-68e3ebf elementor-widget elementor-widget-heading\" data-id=\"68e3ebf\" data-element_type=\"widget\" data-e-type=\"widget\" data-widget_type=\"heading.default\">\n\t\t\t\t\t<div class=\"elementor-heading-title elementor-size-default\">Our Services<\/div>\t\t\t\t<\/div>\n\t\t\t\t<div class=\"elementor-element elementor-element-5b75e69 elementor-widget__width-initial elementor-widget-laptop__width-inherit elementor-widget elementor-widget-heading\" data-id=\"5b75e69\" data-element_type=\"widget\" data-e-type=\"widget\" data-widget_type=\"heading.default\">\n\t\t\t\t\t<h2 class=\"elementor-heading-title elementor-size-default\">We provide more than just quality services<\/h2>\t\t\t\t<\/div>\n\t\t\t\t<div class=\"elementor-element elementor-element-dd81c2f arrow-style-1 elementor-widget elementor-widget-kitchor-service\" data-id=\"dd81c2f\" data-element_type=\"widget\" data-e-type=\"widget\" data-widget_type=\"kitchor-service.default\">\n\t\t\t\t<div class=\"elementor-widget-container\">\n\t\t\t\t\t        <div class=\"elementor-servicer-wrapper\">\n            <div class=\"row\" data-elementor-columns-widescreen=\"2\" data-elementor-columns=\"2\" data-elementor-columns-laptop=\"2\" data-elementor-columns-tablet-extra=\"2\" data-elementor-columns-tablet=\"2\" data-elementor-columns-mobile-extra=\"2\" data-elementor-columns-mobile=\"1\">\n                <div class=\"column-item\">\n    <article class=\"service service-style-1 post-1973 kitchor_service type-kitchor_service status-publish has-post-thumbnail hentry\">\n        <div class=\"item-inner\">\n            <div class=\"service-inner\">\n                <div class=\"service-post-thumbnail\">\n                                            <img fetchpriority=\"high\" decoding=\"async\" width=\"820\" height=\"752\" src=\"https:\/\/xn--ortenaukche-0hb.de\/wp-content\/uploads\/2022\/06\/montage1-820x752.png\" class=\"attachment-kitchor-service-grid size-kitchor-service-grid wp-post-image\" alt=\"\" \/>                                    <\/div><!-- .post-thumbnail -->\n\n                <div class=\"service-content-wrap\">\n                    <div class=\"service-content-icon\">\n                        <div class=\"service-content-icon-inner\">\n                                                    <\/div>\n                    <\/div>\n                    <div class=\"service-content-content\">\n                        <h2 class=\"entry-title\"><a href=\"https:\/\/xn--ortenaukche-0hb.de\/fr\/service\/planung\/\">Conception<\/a><\/h2>\n                        <div class=\"service-excerpt\"><p>Smart Care sorgt daf\u00fcr, dass Ihre K\u00fcche \u00fcber Jahre sch\u00f6n, funktional und gepflegt bleibt.<\/p>\n<\/div>\n                    <\/div>\n                <\/div>\n            <\/div>\n        <\/div>\n    <\/article>\n<\/div>\n\n<div class=\"column-item\">\n    <article class=\"service service-style-1 post-1971 kitchor_service type-kitchor_service status-publish has-post-thumbnail hentry\">\n        <div class=\"item-inner\">\n            <div class=\"service-inner\">\n                <div class=\"service-post-thumbnail\">\n                                            <img fetchpriority=\"high\" decoding=\"async\" width=\"820\" height=\"752\" src=\"https:\/\/xn--ortenaukche-0hb.de\/wp-content\/uploads\/2022\/06\/montage1-820x752.png\" class=\"attachment-kitchor-service-grid size-kitchor-service-grid wp-post-image\" alt=\"\" \/>                                    <\/div><!-- .post-thumbnail -->\n\n                <div class=\"service-content-wrap\">\n                    <div class=\"service-content-icon\">\n                        <div class=\"service-content-icon-inner\">\n                                                    <\/div>\n                    <\/div>\n                    <div class=\"service-content-content\">\n                        <h2 class=\"entry-title\"><a href=\"https:\/\/xn--ortenaukche-0hb.de\/fr\/service\/montage\/\">Montage<\/a><\/h2>\n                        <div class=\"service-excerpt\"><p>Die professionelle Montage unserer K\u00fcchenschreiner ist neben der Planungsqualit\u00e4t unser Aush\u00e4ngeschild. Unsere Monteure sind bei uns fest angestellt und montieren Ihre K\u00fcche fachgerecht und sauber.<\/p>\n<\/div>\n                    <\/div>\n                <\/div>\n            <\/div>\n        <\/div>\n    <\/article>\n<\/div>\n\n<div class=\"column-item\">\n    <article class=\"service service-style-1 post-1969 kitchor_service type-kitchor_service status-publish has-post-thumbnail hentry\">\n        <div class=\"item-inner\">\n            <div class=\"service-inner\">\n                <div class=\"service-post-thumbnail\">\n                                            <img decoding=\"async\" width=\"800\" height=\"526\" src=\"https:\/\/xn--ortenaukche-0hb.de\/wp-content\/uploads\/2022\/06\/service-04.jpg\" class=\"attachment-kitchor-service-grid size-kitchor-service-grid wp-post-image\" alt=\"\" srcset=\"https:\/\/xn--ortenaukche-0hb.de\/wp-content\/uploads\/2022\/06\/service-04.jpg 800w, https:\/\/xn--ortenaukche-0hb.de\/wp-content\/uploads\/2022\/06\/service-04-300x197.jpg 300w, https:\/\/xn--ortenaukche-0hb.de\/wp-content\/uploads\/2022\/06\/service-04-768x505.jpg 768w\" sizes=\"(max-width: 800px) 100vw, 800px\" \/>                                    <\/div><!-- .post-thumbnail -->\n\n                <div class=\"service-content-wrap\">\n                    <div class=\"service-content-icon\">\n                        <div class=\"service-content-icon-inner\">\n                                                    <\/div>\n                    <\/div>\n                    <div class=\"service-content-content\">\n                        <h2 class=\"entry-title\"><a href=\"https:\/\/xn--ortenaukche-0hb.de\/fr\/service\/aufmass\/\">Prise de<\/a><\/h2>\n                        <div class=\"service-excerpt\"><p>Perfect consultation with home check. Check carefully your home before suggesting suitable interior design in your sweet home.<\/p>\n<\/div>\n                    <\/div>\n                <\/div>\n            <\/div>\n        <\/div>\n    <\/article>\n<\/div>\n\n<div class=\"column-item\">\n    <article class=\"service service-style-1 post-1047 kitchor_service type-kitchor_service status-publish has-post-thumbnail hentry\">\n        <div class=\"item-inner\">\n            <div class=\"service-inner\">\n                <div class=\"service-post-thumbnail\">\n                                            <img decoding=\"async\" width=\"800\" height=\"526\" src=\"https:\/\/xn--ortenaukche-0hb.de\/wp-content\/uploads\/2022\/06\/service-03.jpg\" class=\"attachment-kitchor-service-grid size-kitchor-service-grid wp-post-image\" alt=\"\" srcset=\"https:\/\/xn--ortenaukche-0hb.de\/wp-content\/uploads\/2022\/06\/service-03.jpg 800w, https:\/\/xn--ortenaukche-0hb.de\/wp-content\/uploads\/2022\/06\/service-03-300x197.jpg 300w, https:\/\/xn--ortenaukche-0hb.de\/wp-content\/uploads\/2022\/06\/service-03-768x505.jpg 768w\" sizes=\"(max-width: 800px) 100vw, 800px\" \/>                                    <\/div><!-- .post-thumbnail -->\n\n                <div class=\"service-content-wrap\">\n                    <div class=\"service-content-icon\">\n                        <div class=\"service-content-icon-inner\">\n                                                    <\/div>\n                    <\/div>\n                    <div class=\"service-content-content\">\n                        <h2 class=\"entry-title\"><a href=\"https:\/\/xn--ortenaukche-0hb.de\/fr\/service\/beratung\/\">Conseil<\/a><\/h2>\n                        <div class=\"service-excerpt\"><p>Not sure where to start? Let us help. We can handle all aspects of your kitchen refresh, design your own style and make it special.<\/p>\n<\/div>\n                    <\/div>\n                <\/div>\n            <\/div>\n        <\/div>\n    <\/article>\n<\/div>\n\n            <\/div>\n        <\/div>\n        \t\t\t\t<\/div>\n\t\t\t\t<\/div>\n\t\t\t\t\t<\/div>\n\t\t<\/div>\n\t\t\t\t\t<\/div>\n\t\t<\/div>\n\t\t\t\t<div class=\"elementor-section elementor-top-section elementor-element elementor-element-f66c48d elementor-section-stretched elementor-section-boxed elementor-section-height-default elementor-section-height-default\" data-id=\"f66c48d\" data-element_type=\"section\" data-e-type=\"section\" data-settings=\"{&quot;stretch_section&quot;:&quot;section-stretched&quot;,&quot;background_background&quot;:&quot;classic&quot;}\">\n\t\t\t\t\t\t<div class=\"elementor-container elementor-column-gap-no\">\n\t\t\t\t\t<div class=\"elementor-column elementor-col-100 elementor-top-column elementor-element elementor-element-02256a6\" data-id=\"02256a6\" data-element_type=\"column\" data-e-type=\"column\">\n\t\t\t<div class=\"elementor-widget-wrap elementor-element-populated\">\n\t\t\t\t\t\t<div class=\"elementor-element elementor-element-a5e94aa arrow-style-1 elementor-widget elementor-widget-kitchor-brand\" data-id=\"a5e94aa\" data-element_type=\"widget\" data-e-type=\"widget\" data-widget_type=\"kitchor-brand.default\">\n\t\t\t\t<div class=\"elementor-widget-container\">\n\t\t\t\t\t        <div class=\"elementor-brands\">\n            <div class=\"elementor-brand-wrapper\">\n\n                <div class=\"row row kitchor-carousel\" data-settings=\"{&quot;centerMode&quot;:false,&quot;variableWidth&quot;:false,&quot;centerPadding&quot;:&quot;50px&quot;,&quot;navigation&quot;:&quot;none&quot;,&quot;autoplayHoverPause&quot;:true,&quot;autoplay&quot;:true,&quot;autoplaySpeed&quot;:5000,&quot;infinite&quot;:true,&quot;items&quot;:&quot;5&quot;,&quot;$items_widescreen&quot;:&quot;5&quot;,&quot;items_laptop&quot;:&quot;5&quot;,&quot;items_tablet_extra&quot;:&quot;4&quot;,&quot;items_tablet&quot;:&quot;3&quot;,&quot;items_mobile_extra&quot;:&quot;3&quot;,&quot;items_mobile&quot;:&quot;1&quot;,&quot;centerPadding_laptop&quot;:&quot;50px&quot;,&quot;centerPadding_tablet_extra&quot;:&quot;50px&quot;,&quot;centerPadding_tablet&quot;:&quot;50px&quot;,&quot;centerPadding_mobile_extra&quot;:&quot;50px&quot;,&quot;centerPadding_mobile&quot;:&quot;50px&quot;,&quot;breakpoint_laptop&quot;:1366,&quot;breakpoint_tablet_extra&quot;:1200,&quot;breakpoint_tablet&quot;:1024,&quot;breakpoint_mobile_extra&quot;:880,&quot;breakpoint_mobile&quot;:767}\">\n                                            <div class=\"elementor-brand-item column-item\">\n                            <div class=\"elementor-brand-image\">\n                                <a href=\"#\"  title=\"Brand Name\"><img loading=\"lazy\" decoding=\"async\" width=\"169\" height=\"43\" src=\"https:\/\/xn--ortenaukche-0hb.de\/wp-content\/uploads\/2022\/06\/brand06.svg\" class=\"attachment-full size-full wp-image-347\" alt=\"\" \/><\/a>                            <\/div>\n                        <\/div>\n                                            <div class=\"elementor-brand-item column-item\">\n                            <div class=\"elementor-brand-image\">\n                                <a href=\"#\"  title=\"Brand Name\"><img loading=\"lazy\" decoding=\"async\" width=\"157\" height=\"36\" src=\"https:\/\/xn--ortenaukche-0hb.de\/wp-content\/uploads\/2022\/06\/brand02.svg\" class=\"attachment-full size-full wp-image-351\" alt=\"\" \/><\/a>                            <\/div>\n                        <\/div>\n                                            <div class=\"elementor-brand-item column-item\">\n                            <div class=\"elementor-brand-image\">\n                                <a href=\"#\"  title=\"Brand Name\"><img loading=\"lazy\" decoding=\"async\" width=\"191\" height=\"30\" src=\"https:\/\/xn--ortenaukche-0hb.de\/wp-content\/uploads\/2022\/06\/brand03.svg\" class=\"attachment-full size-full wp-image-350\" alt=\"\" \/><\/a>                            <\/div>\n                        <\/div>\n                                            <div class=\"elementor-brand-item column-item\">\n                            <div class=\"elementor-brand-image\">\n                                <a href=\"#\"  title=\"Brand Name\"><img loading=\"lazy\" decoding=\"async\" width=\"216\" height=\"32\" src=\"https:\/\/xn--ortenaukche-0hb.de\/wp-content\/uploads\/2022\/06\/brand08.svg\" class=\"attachment-full size-full wp-image-345\" alt=\"\" \/><\/a>                            <\/div>\n                        <\/div>\n                                            <div class=\"elementor-brand-item column-item\">\n                            <div class=\"elementor-brand-image\">\n                                <a href=\"#\"  title=\"Brand Name\"><img loading=\"lazy\" decoding=\"async\" width=\"169\" height=\"40\" src=\"https:\/\/xn--ortenaukche-0hb.de\/wp-content\/uploads\/2022\/06\/brand05.svg\" class=\"attachment-full size-full wp-image-348\" alt=\"\" \/><\/a>                            <\/div>\n                        <\/div>\n                                            <div class=\"elementor-brand-item column-item\">\n                            <div class=\"elementor-brand-image\">\n                                <a href=\"#\"  title=\"Brand Name\"><img loading=\"lazy\" decoding=\"async\" width=\"162\" height=\"38\" src=\"https:\/\/xn--ortenaukche-0hb.de\/wp-content\/uploads\/2022\/06\/brand01.svg\" class=\"attachment-full size-full wp-image-352\" alt=\"\" \/><\/a>                            <\/div>\n                        <\/div>\n                                    <\/div>\n            <\/div>\n        <\/div>\n        \t\t\t\t<\/div>\n\t\t\t\t<\/div>\n\t\t\t\t\t<\/div>\n\t\t<\/div>\n\t\t\t\t\t<\/div>\n\t\t<\/div>\n\t\t\t\t<\/div>","protected":false},"excerpt":{"rendered":"","protected":false},"author":2,"featured_media":0,"parent":0,"menu_order":0,"comment_status":"closed","ping_status":"closed","template":"","meta":{"inline_featured_image":false,"footnotes":""},"class_list":["post-2034","page","type-page","status-publish","hentry"],"_links":{"self":[{"href":"https:\/\/xn--ortenaukche-0hb.de\/fr\/wp-json\/wp\/v2\/pages\/2034","targetHints":{"allow":["GET"]}}],"collection":[{"href":"https:\/\/xn--ortenaukche-0hb.de\/fr\/wp-json\/wp\/v2\/pages"}],"about":[{"href":"https:\/\/xn--ortenaukche-0hb.de\/fr\/wp-json\/wp\/v2\/types\/page"}],"author":[{"embeddable":true,"href":"https:\/\/xn--ortenaukche-0hb.de\/fr\/wp-json\/wp\/v2\/users\/2"}],"replies":[{"embeddable":true,"href":"https:\/\/xn--ortenaukche-0hb.de\/fr\/wp-json\/wp\/v2\/comments?post=2034"}],"version-history":[{"count":0,"href":"https:\/\/xn--ortenaukche-0hb.de\/fr\/wp-json\/wp\/v2\/pages\/2034\/revisions"}],"wp:attachment":[{"href":"https:\/\/xn--ortenaukche-0hb.de\/fr\/wp-json\/wp\/v2\/media?parent=2034"}],"curies":[{"name":"wp","href":"https:\/\/api.w.org\/{rel}","templated":true}]}}